{"id":2910,"date":"2024-01-22T16:45:58","date_gmt":"2024-01-22T16:45:58","guid":{"rendered":"https:\/\/nutriforum.net\/loja\/"},"modified":"2026-01-22T01:20:04","modified_gmt":"2026-01-22T01:20:04","slug":"comprar-entradas-brasil","status":"publish","type":"page","link":"https:\/\/nutriforum.net\/pt-br\/comprar-entradas-brasil\/","title":{"rendered":"Comprar Entradas Brasil"},"content":{"rendered":"\t\t<div data-elementor-type=\"wp-page\" data-elementor-id=\"2910\" class=\"elementor elementor-2910 elementor-773\" data-elementor-post-type=\"page\">\n\t\t\t\t<div class=\"elementor-element elementor-element-ec98adb e-flex e-con-boxed e-con e-parent\" data-id=\"ec98adb\" data-element_type=\"container\">\n\t\t\t\t\t<div class=\"e-con-inner\">\n\t\t\t\t<div class=\"elementor-element elementor-element-95b3f63 elementor-align-center elementor-widget elementor-widget-button\" data-id=\"95b3f63\" data-element_type=\"widget\" data-widget_type=\"button.default\">\n\t\t\t\t<div class=\"elementor-widget-container\">\n\t\t\t\t\t\t\t\t\t<div class=\"elementor-button-wrapper\">\n\t\t\t\t\t<a class=\"elementor-button elementor-size-sm\" role=\"button\">\n\t\t\t\t\t\t<span class=\"elementor-button-content-wrapper\">\n\t\t\t\t\t\t\t\t\t<span class=\"elementor-button-text\">EM BREVE<\/span>\n\t\t\t\t\t<\/span>\n\t\t\t\t\t<\/a>\n\t\t\t\t<\/div>\n\t\t\t\t\t\t\t\t<\/div>\n\t\t\t\t<\/div>\n\t\t\t\t\t<\/div>\n\t\t\t\t<\/div>\n\t\t<div class=\"elementor-element elementor-element-0f06278 elementor-hidden-desktop elementor-hidden-tablet elementor-hidden-mobile e-flex e-con-boxed e-con e-parent\" data-id=\"0f06278\" data-element_type=\"container\" data-settings=\"{&quot;background_background&quot;:&quot;classic&quot;,&quot;shape_divider_bottom&quot;:&quot;mountains&quot;}\">\n\t\t\t\t\t<div class=\"e-con-inner\">\n\t\t\t\t<div class=\"elementor-shape elementor-shape-bottom\" aria-hidden=\"true\" data-negative=\"false\">\n\t\t\t<svg xmlns=\"http:\/\/www.w3.org\/2000\/svg\" viewBox=\"0 0 1000 100\" preserveAspectRatio=\"none\">\n\t<path class=\"elementor-shape-fill\" opacity=\"0.33\" d=\"M473,67.3c-203.9,88.3-263.1-34-320.3,0C66,119.1,0,59.7,0,59.7V0h1000v59.7 c0,0-62.1,26.1-94.9,29.3c-32.8,3.3-62.8-12.3-75.8-22.1C806,49.6,745.3,8.7,694.9,4.7S492.4,59,473,67.3z\"\/>\n\t<path class=\"elementor-shape-fill\" opacity=\"0.66\" d=\"M734,67.3c-45.5,0-77.2-23.2-129.1-39.1c-28.6-8.7-150.3-10.1-254,39.1 s-91.7-34.4-149.2,0C115.7,118.3,0,39.8,0,39.8V0h1000v36.5c0,0-28.2-18.5-92.1-18.5C810.2,18.1,775.7,67.3,734,67.3z\"\/>\n\t<path class=\"elementor-shape-fill\" d=\"M766.1,28.9c-200-57.5-266,65.5-395.1,19.5C242,1.8,242,5.4,184.8,20.6C128,35.8,132.3,44.9,89.9,52.5C28.6,63.7,0,0,0,0 h1000c0,0-9.9,40.9-83.6,48.1S829.6,47,766.1,28.9z\"\/>\n<\/svg>\t\t<\/div>\n\t\t<div class=\"elementor-element elementor-element-c97d5c3 e-con-full elementor-hidden-desktop elementor-hidden-tablet elementor-hidden-mobile e-flex e-con e-child\" data-id=\"c97d5c3\" data-element_type=\"container\" data-settings=\"{&quot;background_background&quot;:&quot;classic&quot;}\">\n\t\t<div class=\"elementor-element elementor-element-bd8a959 e-con-full e-flex e-con e-child\" data-id=\"bd8a959\" data-element_type=\"container\">\n\t\t<div class=\"elementor-element elementor-element-113980c e-con-full e-flex e-con e-child\" data-id=\"113980c\" data-element_type=\"container\">\n\t\t\t\t<div class=\"elementor-element elementor-element-adf91a0 elementor-widget__width-initial elementor-widget elementor-widget-image\" data-id=\"adf91a0\" data-element_type=\"widget\" data-widget_type=\"image.default\">\n\t\t\t\t<div class=\"elementor-widget-container\">\n\t\t\t\t\t\t\t\t\t\t\t\t\t\t\t<img decoding=\"async\" width=\"110\" height=\"105\" src=\"https:\/\/nutriforum.net\/wp-content\/uploads\/2025\/05\/noun-graduate-5994842-1.png\" class=\"attachment-thumbnail size-thumbnail wp-image-4335\" alt=\"\" \/>\t\t\t\t\t\t\t\t\t\t\t\t\t\t\t<\/div>\n\t\t\t\t<\/div>\n\t\t\t\t<\/div>\n\t\t<div class=\"elementor-element elementor-element-061bed7 e-con-full e-flex e-con e-child\" data-id=\"061bed7\" data-element_type=\"container\">\n\t\t\t\t<div class=\"elementor-element elementor-element-bb250e2 elementor-widget__width-initial elementor-widget elementor-widget-heading\" data-id=\"bb250e2\" data-element_type=\"widget\" data-widget_type=\"heading.default\">\n\t\t\t\t<div class=\"elementor-widget-container\">\n\t\t\t\t\t<h6 class=\"elementor-heading-title elementor-size-default\">4\u00ba LOTE NUTRIF\u00d3RUM*<\/h6>\t\t\t\t<\/div>\n\t\t\t\t<\/div>\n\t\t\t\t<\/div>\n\t\t\t\t<\/div>\n\t\t\t\t<div class=\"elementor-element elementor-element-b0ca601 elementor-widget elementor-widget-heading\" data-id=\"b0ca601\" data-element_type=\"widget\" data-widget_type=\"heading.default\">\n\t\t\t\t<div class=\"elementor-widget-container\">\n\t\t\t\t\t<div class=\"elementor-heading-title elementor-size-default\">R$ 890<\/div>\t\t\t\t<\/div>\n\t\t\t\t<\/div>\n\t\t\t\t<div class=\"elementor-element elementor-element-6a8eeec elementor-widget elementor-widget-heading\" data-id=\"6a8eeec\" data-element_type=\"widget\" data-widget_type=\"heading.default\">\n\t\t\t\t<div class=\"elementor-widget-container\">\n\t\t\t\t\t<h2 class=\"elementor-heading-title elementor-size-default\">DE 11\/08 at\u00e9 o evento<\/h2>\t\t\t\t<\/div>\n\t\t\t\t<\/div>\n\t\t\t\t<div class=\"elementor-element elementor-element-97391e9 elementor-icon-list--layout-traditional elementor-list-item-link-full_width elementor-widget elementor-widget-icon-list\" data-id=\"97391e9\" data-element_type=\"widget\" data-widget_type=\"icon-list.default\">\n\t\t\t\t<div class=\"elementor-widget-container\">\n\t\t\t\t\t\t\t<ul class=\"elementor-icon-list-items\">\n\t\t\t\t\t\t\t<li class=\"elementor-icon-list-item\">\n\t\t\t\t\t\t\t\t\t\t\t<span class=\"elementor-icon-list-icon\">\n\t\t\t\t\t\t\t<svg aria-hidden=\"true\" class=\"e-font-icon-svg e-fas-arrow-right\" viewBox=\"0 0 448 512\" xmlns=\"http:\/\/www.w3.org\/2000\/svg\"><path d=\"M190.5 66.9l22.2-22.2c9.4-9.4 24.6-9.4 33.9 0L441 239c9.4 9.4 9.4 24.6 0 33.9L246.6 467.3c-9.4 9.4-24.6 9.4-33.9 0l-22.2-22.2c-9.5-9.5-9.3-25 .4-34.3L311.4 296H24c-13.3 0-24-10.7-24-24v-32c0-13.3 10.7-24 24-24h287.4L190.9 101.2c-9.8-9.3-10-24.8-.4-34.3z\"><\/path><\/svg>\t\t\t\t\t\t<\/span>\n\t\t\t\t\t\t\t\t\t\t<span class=\"elementor-icon-list-text\">Coffee-Break<\/span>\n\t\t\t\t\t\t\t\t\t<\/li>\n\t\t\t\t\t\t\t\t<li class=\"elementor-icon-list-item\">\n\t\t\t\t\t\t\t\t\t\t\t<span class=\"elementor-icon-list-icon\">\n\t\t\t\t\t\t\t<svg aria-hidden=\"true\" class=\"e-font-icon-svg e-fas-arrow-right\" viewBox=\"0 0 448 512\" xmlns=\"http:\/\/www.w3.org\/2000\/svg\"><path d=\"M190.5 66.9l22.2-22.2c9.4-9.4 24.6-9.4 33.9 0L441 239c9.4 9.4 9.4 24.6 0 33.9L246.6 467.3c-9.4 9.4-24.6 9.4-33.9 0l-22.2-22.2c-9.5-9.5-9.3-25 .4-34.3L311.4 296H24c-13.3 0-24-10.7-24-24v-32c0-13.3 10.7-24 24-24h287.4L190.9 101.2c-9.8-9.3-10-24.8-.4-34.3z\"><\/path><\/svg>\t\t\t\t\t\t<\/span>\n\t\t\t\t\t\t\t\t\t\t<span class=\"elementor-icon-list-text\">Acesso livre ao lounge tem\u00e1tico<\/span>\n\t\t\t\t\t\t\t\t\t<\/li>\n\t\t\t\t\t\t\t\t<li class=\"elementor-icon-list-item\">\n\t\t\t\t\t\t\t\t\t\t\t<span class=\"elementor-icon-list-icon\">\n\t\t\t\t\t\t\t<svg aria-hidden=\"true\" class=\"e-font-icon-svg e-fas-arrow-right\" viewBox=\"0 0 448 512\" xmlns=\"http:\/\/www.w3.org\/2000\/svg\"><path d=\"M190.5 66.9l22.2-22.2c9.4-9.4 24.6-9.4 33.9 0L441 239c9.4 9.4 9.4 24.6 0 33.9L246.6 467.3c-9.4 9.4-24.6 9.4-33.9 0l-22.2-22.2c-9.5-9.5-9.3-25 .4-34.3L311.4 296H24c-13.3 0-24-10.7-24-24v-32c0-13.3 10.7-24 24-24h287.4L190.9 101.2c-9.8-9.3-10-24.8-.4-34.3z\"><\/path><\/svg>\t\t\t\t\t\t<\/span>\n\t\t\t\t\t\t\t\t\t\t<span class=\"elementor-icon-list-text\">Acesso ao programa t\u00e9cnico<\/span>\n\t\t\t\t\t\t\t\t\t<\/li>\n\t\t\t\t\t\t\t\t<li class=\"elementor-icon-list-item\">\n\t\t\t\t\t\t\t\t\t\t\t<span class=\"elementor-icon-list-icon\">\n\t\t\t\t\t\t\t<svg aria-hidden=\"true\" class=\"e-font-icon-svg e-fas-arrow-right\" viewBox=\"0 0 448 512\" xmlns=\"http:\/\/www.w3.org\/2000\/svg\"><path d=\"M190.5 66.9l22.2-22.2c9.4-9.4 24.6-9.4 33.9 0L441 239c9.4 9.4 9.4 24.6 0 33.9L246.6 467.3c-9.4 9.4-24.6 9.4-33.9 0l-22.2-22.2c-9.5-9.5-9.3-25 .4-34.3L311.4 296H24c-13.3 0-24-10.7-24-24v-32c0-13.3 10.7-24 24-24h287.4L190.9 101.2c-9.8-9.3-10-24.8-.4-34.3z\"><\/path><\/svg>\t\t\t\t\t\t<\/span>\n\t\t\t\t\t\t\t\t\t\t<span class=\"elementor-icon-list-text\">Material do evento<\/span>\n\t\t\t\t\t\t\t\t\t<\/li>\n\t\t\t\t\t\t<\/ul>\n\t\t\t\t\t\t<\/div>\n\t\t\t\t<\/div>\n\t\t\t\t<div class=\"elementor-element elementor-element-06b9ea7 elementor-widget elementor-widget-text-editor\" data-id=\"06b9ea7\" data-element_type=\"widget\" data-widget_type=\"text-editor.default\">\n\t\t\t\t<div class=\"elementor-widget-container\">\n\t\t\t\t\t\t\t\t\t<p><b>INGRESSOS \u00c0 VENDA NO CREDENCIAMENTO DO EVENTO<\/b><\/p>\t\t\t\t\t\t\t\t<\/div>\n\t\t\t\t<\/div>\n\t\t\t\t<div class=\"elementor-element elementor-element-6cfe84d elementor-widget elementor-widget-text-editor\" data-id=\"6cfe84d\" data-element_type=\"widget\" data-widget_type=\"text-editor.default\">\n\t\t\t\t<div class=\"elementor-widget-container\">\n\t\t\t\t\t\t\t\t\t<p>*Esta categoria \u00e9 destinada a <strong>integradores, f\u00e1bricas de ra\u00e7\u00e3o, t\u00e9cnicos de campo, veterin\u00e1rios, zootecnistas, consultores aut\u00f4nomos<\/strong> e outros profissionais <strong>sem v\u00ednculo direto com empresas fornecedoras de insumos, servi\u00e7os ou solu\u00e7\u00f5es para nutri\u00e7\u00e3o animal<\/strong>.<\/p><p>Se voc\u00ea representa uma <strong>empresa fornecedora de insumos, servi\u00e7os ou solu\u00e7\u00f5es para o setor<\/strong>, por favor, selecione a categoria <strong><span style=\"text-decoration: underline;\">Fornecedores da Cadeia de Nutri\u00e7\u00e3o Animal<\/span><\/strong>.<\/p>\t\t\t\t\t\t\t\t<\/div>\n\t\t\t\t<\/div>\n\t\t\t\t<\/div>\n\t\t<div class=\"elementor-element elementor-element-4518f51 e-con-full elementor-hidden-desktop elementor-hidden-tablet elementor-hidden-mobile e-flex e-con e-child\" data-id=\"4518f51\" data-element_type=\"container\" data-settings=\"{&quot;background_background&quot;:&quot;classic&quot;}\">\n\t\t<div class=\"elementor-element elementor-element-0a4677e e-con-full e-flex e-con e-child\" data-id=\"0a4677e\" data-element_type=\"container\">\n\t\t<div class=\"elementor-element elementor-element-b4e8fff e-con-full e-flex e-con e-child\" data-id=\"b4e8fff\" data-element_type=\"container\">\n\t\t\t\t<div class=\"elementor-element elementor-element-1100c55 elementor-widget__width-initial elementor-widget elementor-widget-image\" data-id=\"1100c55\" data-element_type=\"widget\" data-widget_type=\"image.default\">\n\t\t\t\t<div class=\"elementor-widget-container\">\n\t\t\t\t\t\t\t\t\t\t\t\t\t\t\t<img decoding=\"async\" width=\"110\" height=\"105\" src=\"https:\/\/nutriforum.net\/wp-content\/uploads\/2025\/05\/noun-graduate-5994842-1.png\" class=\"attachment-thumbnail size-thumbnail wp-image-4335\" alt=\"\" \/>\t\t\t\t\t\t\t\t\t\t\t\t\t\t\t<\/div>\n\t\t\t\t<\/div>\n\t\t\t\t<\/div>\n\t\t<div class=\"elementor-element elementor-element-98a3ee7 e-con-full e-flex e-con e-child\" data-id=\"98a3ee7\" data-element_type=\"container\">\n\t\t\t\t<div class=\"elementor-element elementor-element-c244329 elementor-widget__width-initial elementor-widget elementor-widget-heading\" data-id=\"c244329\" data-element_type=\"widget\" data-widget_type=\"heading.default\">\n\t\t\t\t<div class=\"elementor-widget-container\">\n\t\t\t\t\t<h6 class=\"elementor-heading-title elementor-size-default\">Fornecedores da cadeia de nutri\u00e7\u00e3o animal**<\/h6>\t\t\t\t<\/div>\n\t\t\t\t<\/div>\n\t\t\t\t<\/div>\n\t\t\t\t<\/div>\n\t\t\t\t<div class=\"elementor-element elementor-element-d12a071 elementor-widget elementor-widget-heading\" data-id=\"d12a071\" data-element_type=\"widget\" data-widget_type=\"heading.default\">\n\t\t\t\t<div class=\"elementor-widget-container\">\n\t\t\t\t\t<div class=\"elementor-heading-title elementor-size-default\">R$ 2500<\/div>\t\t\t\t<\/div>\n\t\t\t\t<\/div>\n\t\t\t\t<div class=\"elementor-element elementor-element-e7dfd79 elementor-icon-list--layout-traditional elementor-list-item-link-full_width elementor-widget elementor-widget-icon-list\" data-id=\"e7dfd79\" data-element_type=\"widget\" data-widget_type=\"icon-list.default\">\n\t\t\t\t<div class=\"elementor-widget-container\">\n\t\t\t\t\t\t\t<ul class=\"elementor-icon-list-items\">\n\t\t\t\t\t\t\t<li class=\"elementor-icon-list-item\">\n\t\t\t\t\t\t\t\t\t\t\t<span class=\"elementor-icon-list-icon\">\n\t\t\t\t\t\t\t<svg aria-hidden=\"true\" class=\"e-font-icon-svg e-fas-arrow-right\" viewBox=\"0 0 448 512\" xmlns=\"http:\/\/www.w3.org\/2000\/svg\"><path d=\"M190.5 66.9l22.2-22.2c9.4-9.4 24.6-9.4 33.9 0L441 239c9.4 9.4 9.4 24.6 0 33.9L246.6 467.3c-9.4 9.4-24.6 9.4-33.9 0l-22.2-22.2c-9.5-9.5-9.3-25 .4-34.3L311.4 296H24c-13.3 0-24-10.7-24-24v-32c0-13.3 10.7-24 24-24h287.4L190.9 101.2c-9.8-9.3-10-24.8-.4-34.3z\"><\/path><\/svg>\t\t\t\t\t\t<\/span>\n\t\t\t\t\t\t\t\t\t\t<span class=\"elementor-icon-list-text\">Coffee-Break<\/span>\n\t\t\t\t\t\t\t\t\t<\/li>\n\t\t\t\t\t\t\t\t<li class=\"elementor-icon-list-item\">\n\t\t\t\t\t\t\t\t\t\t\t<span class=\"elementor-icon-list-icon\">\n\t\t\t\t\t\t\t<svg aria-hidden=\"true\" class=\"e-font-icon-svg e-fas-arrow-right\" viewBox=\"0 0 448 512\" xmlns=\"http:\/\/www.w3.org\/2000\/svg\"><path d=\"M190.5 66.9l22.2-22.2c9.4-9.4 24.6-9.4 33.9 0L441 239c9.4 9.4 9.4 24.6 0 33.9L246.6 467.3c-9.4 9.4-24.6 9.4-33.9 0l-22.2-22.2c-9.5-9.5-9.3-25 .4-34.3L311.4 296H24c-13.3 0-24-10.7-24-24v-32c0-13.3 10.7-24 24-24h287.4L190.9 101.2c-9.8-9.3-10-24.8-.4-34.3z\"><\/path><\/svg>\t\t\t\t\t\t<\/span>\n\t\t\t\t\t\t\t\t\t\t<span class=\"elementor-icon-list-text\">Acesso livre ao lounge tem\u00e1tico<\/span>\n\t\t\t\t\t\t\t\t\t<\/li>\n\t\t\t\t\t\t\t\t<li class=\"elementor-icon-list-item\">\n\t\t\t\t\t\t\t\t\t\t\t<span class=\"elementor-icon-list-icon\">\n\t\t\t\t\t\t\t<svg aria-hidden=\"true\" class=\"e-font-icon-svg e-fas-arrow-right\" viewBox=\"0 0 448 512\" xmlns=\"http:\/\/www.w3.org\/2000\/svg\"><path d=\"M190.5 66.9l22.2-22.2c9.4-9.4 24.6-9.4 33.9 0L441 239c9.4 9.4 9.4 24.6 0 33.9L246.6 467.3c-9.4 9.4-24.6 9.4-33.9 0l-22.2-22.2c-9.5-9.5-9.3-25 .4-34.3L311.4 296H24c-13.3 0-24-10.7-24-24v-32c0-13.3 10.7-24 24-24h287.4L190.9 101.2c-9.8-9.3-10-24.8-.4-34.3z\"><\/path><\/svg>\t\t\t\t\t\t<\/span>\n\t\t\t\t\t\t\t\t\t\t<span class=\"elementor-icon-list-text\">Acesso ao programa t\u00e9cnico<\/span>\n\t\t\t\t\t\t\t\t\t<\/li>\n\t\t\t\t\t\t\t\t<li class=\"elementor-icon-list-item\">\n\t\t\t\t\t\t\t\t\t\t\t<span class=\"elementor-icon-list-icon\">\n\t\t\t\t\t\t\t<svg aria-hidden=\"true\" class=\"e-font-icon-svg e-fas-arrow-right\" viewBox=\"0 0 448 512\" xmlns=\"http:\/\/www.w3.org\/2000\/svg\"><path d=\"M190.5 66.9l22.2-22.2c9.4-9.4 24.6-9.4 33.9 0L441 239c9.4 9.4 9.4 24.6 0 33.9L246.6 467.3c-9.4 9.4-24.6 9.4-33.9 0l-22.2-22.2c-9.5-9.5-9.3-25 .4-34.3L311.4 296H24c-13.3 0-24-10.7-24-24v-32c0-13.3 10.7-24 24-24h287.4L190.9 101.2c-9.8-9.3-10-24.8-.4-34.3z\"><\/path><\/svg>\t\t\t\t\t\t<\/span>\n\t\t\t\t\t\t\t\t\t\t<span class=\"elementor-icon-list-text\">Material do evento<\/span>\n\t\t\t\t\t\t\t\t\t<\/li>\n\t\t\t\t\t\t<\/ul>\n\t\t\t\t\t\t<\/div>\n\t\t\t\t<\/div>\n\t\t\t\t<div class=\"elementor-element elementor-element-f5bc4d2 elementor-widget elementor-widget-text-editor\" data-id=\"f5bc4d2\" data-element_type=\"widget\" data-widget_type=\"text-editor.default\">\n\t\t\t\t<div class=\"elementor-widget-container\">\n\t\t\t\t\t\t\t\t\t<p><b>INGRESSOS \u00c0 VENDA NO CREDENCIAMENTO DO EVENTO<\/b><\/p>\t\t\t\t\t\t\t\t<\/div>\n\t\t\t\t<\/div>\n\t\t\t\t<div class=\"elementor-element elementor-element-720c778 elementor-widget elementor-widget-text-editor\" data-id=\"720c778\" data-element_type=\"widget\" data-widget_type=\"text-editor.default\">\n\t\t\t\t<div class=\"elementor-widget-container\">\n\t\t\t\t\t\t\t\t\t<p>**Representantes comerciais ou t\u00e9cnicos de empresas de aditivos (enzimas, prebi\u00f3ticos, probi\u00f3ticos, \u00e1cidos org\u00e2nicos etc.)<br \/>**Colaboradores de empresas de premixes, n\u00facleos e ingredientes para nutri\u00e7\u00e3o animal<br \/>**Profissionais das \u00e1reas de marketing, P&amp;D, regulat\u00f3rios ou administrativas dessas empresas<br \/>**Consultores ou prestadores de servi\u00e7o que atuam em nome de fornecedores da cadeia nutricional animal<\/p>\t\t\t\t\t\t\t\t<\/div>\n\t\t\t\t<\/div>\n\t\t\t\t<\/div>\n\t\t\t\t\t<\/div>\n\t\t\t\t<\/div>\n\t\t\t\t<\/div>\n\t\t","protected":false},"excerpt":{"rendered":"<p>EM BREVE 4\u00ba LOTE NUTRIF\u00d3RUM* R$ 890 DE 11\/08 at\u00e9 o evento Coffee-Break Acesso livre ao lounge tem\u00e1tico Acesso ao programa t\u00e9cnico Material do evento INGRESSOS \u00c0 VENDA NO CREDENCIAMENTO DO EVENTO *Esta categoria \u00e9 destinada a integradores, f\u00e1bricas de ra\u00e7\u00e3o, t\u00e9cnicos de campo, veterin\u00e1rios, zootecnistas, consultores aut\u00f4nomos e outros profissionais sem v\u00ednculo direto com [&hellip;]<\/p>\n","protected":false},"author":1,"featured_media":0,"parent":0,"menu_order":0,"comment_status":"closed","ping_status":"closed","template":"","meta":{"_acf_changed":false,"_monsterinsights_skip_tracking":false,"_monsterinsights_sitenote_active":false,"_monsterinsights_sitenote_note":"","_monsterinsights_sitenote_category":0,"footnotes":""},"categories":[],"class_list":["post-2910","page","type-page","status-publish","hentry"],"acf":[],"yoast_head":"<!-- This site is optimized with the Yoast SEO plugin v26.7 - https:\/\/yoast.com\/wordpress\/plugins\/seo\/ -->\n<title>Comprar Entradas Brasil - nutriForum<\/title>\n<meta name=\"robots\" content=\"index, follow, max-snippet:-1, max-image-preview:large, max-video-preview:-1\" \/>\n<link rel=\"canonical\" href=\"https:\/\/nutriforum.net\/pt-br\/comprar-entradas-brasil\/\" \/>\n<meta property=\"og:locale\" content=\"pt_BR\" \/>\n<meta property=\"og:type\" content=\"article\" \/>\n<meta property=\"og:title\" content=\"Comprar Entradas Brasil - nutriForum\" \/>\n<meta property=\"og:description\" content=\"EM BREVE 4\u00ba LOTE NUTRIF\u00d3RUM* R$ 890 DE 11\/08 at\u00e9 o evento Coffee-Break Acesso livre ao lounge tem\u00e1tico Acesso ao programa t\u00e9cnico Material do evento INGRESSOS \u00c0 VENDA NO CREDENCIAMENTO DO EVENTO *Esta categoria \u00e9 destinada a integradores, f\u00e1bricas de ra\u00e7\u00e3o, t\u00e9cnicos de campo, veterin\u00e1rios, zootecnistas, consultores aut\u00f4nomos e outros profissionais sem v\u00ednculo direto com [&hellip;]\" \/>\n<meta property=\"og:url\" content=\"https:\/\/nutriforum.net\/pt-br\/comprar-entradas-brasil\/\" \/>\n<meta property=\"og:site_name\" content=\"nutriForum\" \/>\n<meta property=\"article:modified_time\" content=\"2026-01-22T01:20:04+00:00\" \/>\n<meta property=\"og:image\" content=\"https:\/\/nutriforum.net\/wp-content\/uploads\/2025\/05\/noun-graduate-5994842-1.png\" \/>\n\t<meta property=\"og:image:width\" content=\"110\" \/>\n\t<meta property=\"og:image:height\" content=\"105\" \/>\n\t<meta property=\"og:image:type\" content=\"image\/png\" \/>\n<meta name=\"twitter:card\" content=\"summary_large_image\" \/>\n<meta name=\"twitter:label1\" content=\"Est. tempo de leitura\" \/>\n\t<meta name=\"twitter:data1\" content=\"2 minutos\" \/>\n<script type=\"application\/ld+json\" class=\"yoast-schema-graph\">{\"@context\":\"https:\/\/schema.org\",\"@graph\":[{\"@type\":\"WebPage\",\"@id\":\"https:\/\/nutriforum.net\/pt-br\/comprar-entradas-brasil\/\",\"url\":\"https:\/\/nutriforum.net\/pt-br\/comprar-entradas-brasil\/\",\"name\":\"Comprar Entradas Brasil - nutriForum\",\"isPartOf\":{\"@id\":\"https:\/\/nutriforum.net\/pt-br\/#website\"},\"primaryImageOfPage\":{\"@id\":\"https:\/\/nutriforum.net\/pt-br\/comprar-entradas-brasil\/#primaryimage\"},\"image\":{\"@id\":\"https:\/\/nutriforum.net\/pt-br\/comprar-entradas-brasil\/#primaryimage\"},\"thumbnailUrl\":\"https:\/\/nutriforum.net\/wp-content\/uploads\/2025\/05\/noun-graduate-5994842-1.png\",\"datePublished\":\"2024-01-22T16:45:58+00:00\",\"dateModified\":\"2026-01-22T01:20:04+00:00\",\"breadcrumb\":{\"@id\":\"https:\/\/nutriforum.net\/pt-br\/comprar-entradas-brasil\/#breadcrumb\"},\"inLanguage\":\"pt-BR\",\"potentialAction\":[{\"@type\":\"ReadAction\",\"target\":[\"https:\/\/nutriforum.net\/pt-br\/comprar-entradas-brasil\/\"]}]},{\"@type\":\"ImageObject\",\"inLanguage\":\"pt-BR\",\"@id\":\"https:\/\/nutriforum.net\/pt-br\/comprar-entradas-brasil\/#primaryimage\",\"url\":\"https:\/\/nutriforum.net\/wp-content\/uploads\/2025\/05\/noun-graduate-5994842-1.png\",\"contentUrl\":\"https:\/\/nutriforum.net\/wp-content\/uploads\/2025\/05\/noun-graduate-5994842-1.png\"},{\"@type\":\"BreadcrumbList\",\"@id\":\"https:\/\/nutriforum.net\/pt-br\/comprar-entradas-brasil\/#breadcrumb\",\"itemListElement\":[{\"@type\":\"ListItem\",\"position\":1,\"name\":\"Portada\",\"item\":\"https:\/\/nutriforum.net\/pt-br\/\"},{\"@type\":\"ListItem\",\"position\":2,\"name\":\"Comprar Entradas Brasil\"}]},{\"@type\":\"WebSite\",\"@id\":\"https:\/\/nutriforum.net\/pt-br\/#website\",\"url\":\"https:\/\/nutriforum.net\/pt-br\/\",\"name\":\"nutriForum\",\"description\":\"\",\"publisher\":{\"@id\":\"https:\/\/nutriforum.net\/pt-br\/#organization\"},\"potentialAction\":[{\"@type\":\"SearchAction\",\"target\":{\"@type\":\"EntryPoint\",\"urlTemplate\":\"https:\/\/nutriforum.net\/pt-br\/?s={search_term_string}\"},\"query-input\":{\"@type\":\"PropertyValueSpecification\",\"valueRequired\":true,\"valueName\":\"search_term_string\"}}],\"inLanguage\":\"pt-BR\"},{\"@type\":\"Organization\",\"@id\":\"https:\/\/nutriforum.net\/pt-br\/#organization\",\"name\":\"nutriForum\",\"url\":\"https:\/\/nutriforum.net\/pt-br\/\",\"logo\":{\"@type\":\"ImageObject\",\"inLanguage\":\"pt-BR\",\"@id\":\"https:\/\/nutriforum.net\/pt-br\/#\/schema\/logo\/image\/\",\"url\":\"https:\/\/nutriforum.net\/wp-content\/uploads\/2026\/01\/cropped-Logo_NutriForum26-cuadrado.png\",\"contentUrl\":\"https:\/\/nutriforum.net\/wp-content\/uploads\/2026\/01\/cropped-Logo_NutriForum26-cuadrado.png\",\"width\":359,\"height\":318,\"caption\":\"nutriForum\"},\"image\":{\"@id\":\"https:\/\/nutriforum.net\/pt-br\/#\/schema\/logo\/image\/\"}}]}<\/script>\n<!-- \/ Yoast SEO plugin. -->","yoast_head_json":{"title":"Comprar Entradas Brasil - nutriForum","robots":{"index":"index","follow":"follow","max-snippet":"max-snippet:-1","max-image-preview":"max-image-preview:large","max-video-preview":"max-video-preview:-1"},"canonical":"https:\/\/nutriforum.net\/pt-br\/comprar-entradas-brasil\/","og_locale":"pt_BR","og_type":"article","og_title":"Comprar Entradas Brasil - nutriForum","og_description":"EM BREVE 4\u00ba LOTE NUTRIF\u00d3RUM* R$ 890 DE 11\/08 at\u00e9 o evento Coffee-Break Acesso livre ao lounge tem\u00e1tico Acesso ao programa t\u00e9cnico Material do evento INGRESSOS \u00c0 VENDA NO CREDENCIAMENTO DO EVENTO *Esta categoria \u00e9 destinada a integradores, f\u00e1bricas de ra\u00e7\u00e3o, t\u00e9cnicos de campo, veterin\u00e1rios, zootecnistas, consultores aut\u00f4nomos e outros profissionais sem v\u00ednculo direto com [&hellip;]","og_url":"https:\/\/nutriforum.net\/pt-br\/comprar-entradas-brasil\/","og_site_name":"nutriForum","article_modified_time":"2026-01-22T01:20:04+00:00","og_image":[{"width":110,"height":105,"url":"https:\/\/nutriforum.net\/wp-content\/uploads\/2025\/05\/noun-graduate-5994842-1.png","type":"image\/png"}],"twitter_card":"summary_large_image","twitter_misc":{"Est. tempo de leitura":"2 minutos"},"schema":{"@context":"https:\/\/schema.org","@graph":[{"@type":"WebPage","@id":"https:\/\/nutriforum.net\/pt-br\/comprar-entradas-brasil\/","url":"https:\/\/nutriforum.net\/pt-br\/comprar-entradas-brasil\/","name":"Comprar Entradas Brasil - nutriForum","isPartOf":{"@id":"https:\/\/nutriforum.net\/pt-br\/#website"},"primaryImageOfPage":{"@id":"https:\/\/nutriforum.net\/pt-br\/comprar-entradas-brasil\/#primaryimage"},"image":{"@id":"https:\/\/nutriforum.net\/pt-br\/comprar-entradas-brasil\/#primaryimage"},"thumbnailUrl":"https:\/\/nutriforum.net\/wp-content\/uploads\/2025\/05\/noun-graduate-5994842-1.png","datePublished":"2024-01-22T16:45:58+00:00","dateModified":"2026-01-22T01:20:04+00:00","breadcrumb":{"@id":"https:\/\/nutriforum.net\/pt-br\/comprar-entradas-brasil\/#breadcrumb"},"inLanguage":"pt-BR","potentialAction":[{"@type":"ReadAction","target":["https:\/\/nutriforum.net\/pt-br\/comprar-entradas-brasil\/"]}]},{"@type":"ImageObject","inLanguage":"pt-BR","@id":"https:\/\/nutriforum.net\/pt-br\/comprar-entradas-brasil\/#primaryimage","url":"https:\/\/nutriforum.net\/wp-content\/uploads\/2025\/05\/noun-graduate-5994842-1.png","contentUrl":"https:\/\/nutriforum.net\/wp-content\/uploads\/2025\/05\/noun-graduate-5994842-1.png"},{"@type":"BreadcrumbList","@id":"https:\/\/nutriforum.net\/pt-br\/comprar-entradas-brasil\/#breadcrumb","itemListElement":[{"@type":"ListItem","position":1,"name":"Portada","item":"https:\/\/nutriforum.net\/pt-br\/"},{"@type":"ListItem","position":2,"name":"Comprar Entradas Brasil"}]},{"@type":"WebSite","@id":"https:\/\/nutriforum.net\/pt-br\/#website","url":"https:\/\/nutriforum.net\/pt-br\/","name":"nutriForum","description":"","publisher":{"@id":"https:\/\/nutriforum.net\/pt-br\/#organization"},"potentialAction":[{"@type":"SearchAction","target":{"@type":"EntryPoint","urlTemplate":"https:\/\/nutriforum.net\/pt-br\/?s={search_term_string}"},"query-input":{"@type":"PropertyValueSpecification","valueRequired":true,"valueName":"search_term_string"}}],"inLanguage":"pt-BR"},{"@type":"Organization","@id":"https:\/\/nutriforum.net\/pt-br\/#organization","name":"nutriForum","url":"https:\/\/nutriforum.net\/pt-br\/","logo":{"@type":"ImageObject","inLanguage":"pt-BR","@id":"https:\/\/nutriforum.net\/pt-br\/#\/schema\/logo\/image\/","url":"https:\/\/nutriforum.net\/wp-content\/uploads\/2026\/01\/cropped-Logo_NutriForum26-cuadrado.png","contentUrl":"https:\/\/nutriforum.net\/wp-content\/uploads\/2026\/01\/cropped-Logo_NutriForum26-cuadrado.png","width":359,"height":318,"caption":"nutriForum"},"image":{"@id":"https:\/\/nutriforum.net\/pt-br\/#\/schema\/logo\/image\/"}}]}},"_links":{"self":[{"href":"https:\/\/nutriforum.net\/pt-br\/wp-json\/wp\/v2\/pages\/2910","targetHints":{"allow":["GET"]}}],"collection":[{"href":"https:\/\/nutriforum.net\/pt-br\/wp-json\/wp\/v2\/pages"}],"about":[{"href":"https:\/\/nutriforum.net\/pt-br\/wp-json\/wp\/v2\/types\/page"}],"author":[{"embeddable":true,"href":"https:\/\/nutriforum.net\/pt-br\/wp-json\/wp\/v2\/users\/1"}],"replies":[{"embeddable":true,"href":"https:\/\/nutriforum.net\/pt-br\/wp-json\/wp\/v2\/comments?post=2910"}],"version-history":[{"count":5,"href":"https:\/\/nutriforum.net\/pt-br\/wp-json\/wp\/v2\/pages\/2910\/revisions"}],"predecessor-version":[{"id":7199,"href":"https:\/\/nutriforum.net\/pt-br\/wp-json\/wp\/v2\/pages\/2910\/revisions\/7199"}],"wp:attachment":[{"href":"https:\/\/nutriforum.net\/pt-br\/wp-json\/wp\/v2\/media?parent=2910"}],"wp:term":[{"taxonomy":"category","embeddable":true,"href":"https:\/\/nutriforum.net\/pt-br\/wp-json\/wp\/v2\/categories?post=2910"}],"curies":[{"name":"wp","href":"https:\/\/api.w.org\/{rel}","templated":true}]}}